{"id":3402,"date":"2025-10-15T08:30:51","date_gmt":"2025-10-15T08:30:51","guid":{"rendered":"https:\/\/hello-nurse.de\/?page_id=3402"},"modified":"2025-12-18T10:30:48","modified_gmt":"2025-12-18T10:30:48","slug":"impressum","status":"publish","type":"page","link":"https:\/\/hello-nurse.de\/en\/impressum\/","title":{"rendered":"Imprint"},"content":{"rendered":"<section data-block=\"gutenkit\/container\" data-image-scroll=\"{&quot;isImageScrollingEffect&quot;:true,&quot;verticalImageScroll&quot;:{&quot;direction&quot;:&quot;down&quot;,&quot;hasValue&quot;:true,&quot;speed&quot;:{&quot;size&quot;:1}},&quot;horizontalImageScroll&quot;:[],&quot;transperencyImageScroll&quot;:[],&quot;blurImageScroll&quot;:[],&quot;scaleImageScroll&quot;:[],&quot;imageScrollDesktopDisable&quot;:false,&quot;imageScrollTabletDisable&quot;:false,&quot;imageScrollMobileDisable&quot;:false,&quot;imageScrollTabletLandscapeDisable&quot;:false,&quot;imageScrollMobileLandscapeDisable&quot;:false,&quot;imageScrollLaptopDisable&quot;:false,&quot;imageScrollWideScreenDisable&quot;:false}\" data-post-id=\"3402\" id=\"block-f7476470-d74a-43a3-b5f5-23909d6b062f\" class=\"wp-block-gutenkit-container alignfull gkit6b062f gutenkit-block\"><div class=\"gkit-container-overlay\"><\/div><div class=\"gkit-image-scroll-container\"><div class=\"gkit-image-scroll-layer\"><\/div><\/div><div class=\"gkit-block__inner\"> \n<div data-block=\"gutenkit\/heading\" data-post-id=\"3402\" class=\"wp-block-gutenkit-heading gkit-heading-border-position-start gkit3eff11 gutenkit-block\" id=\"block-241cfa17-6360-449a-9e79-410d7e05a30f\"><h1 class=\"gkit-heading-title\">Imprint<\/h1><\/div>\n \n\n <div data-post-id=\"3402\" id=\"block-14384e03-56fc-499b-a331-79d3c47f239b\" role=\"document\" aria-label=\"Block: Breadcrumb\" data-block=\"14384e03-56fc-499b-a331-79d3c47f239b\" data-type=\"gutenkit-pro\/breadcrumb\" data-title=\"Breadcrumb\" class=\"wp-block-gutenkit-pro-breadcrumb gkit7f239b gutenkit-block\">\n    <ul class=\"gutenkit-breadcrumb\">\n        <li class=\"gutenkit-breadcrumb-item is-home\">\n            <a href=\"https:\/\/hello-nurse.de\/en\/\">\n                                <span class=\"gutenkit-breadcrumb-label\">Hallo<\/span>\n            <\/a>\n        <\/li>\n            <\/ul>\n<\/div>\n <\/div><\/section>\n \n\n \n<div data-block=\"gutenkit\/container\" data-post-id=\"3402\" id=\"block-31a05b8e-dfeb-4004-8cd6-f73ac1c7c349\" class=\"wp-block-gutenkit-container alignfull gkitc7c349 gutenkit-block\"><div class=\"gkit-block__inner\"> \n<div data-block=\"gutenkit\/container\" data-post-id=\"3402\" id=\"block-e015d922-dfaa-4a71-a1fb-9c20b9fa530a\" class=\"wp-block-gutenkit-container alignfull gkitfa530a gutenkit-block\"><div class=\"gkit-block__inner\">\n<hr class=\"wp-block-separator has-alpha-channel-opacity\"\/>\n\n\n\n<p class=\"has-open-sans-font-family has-custom-font has-custom-weight has-arial-font-family has-custom-font\" style=\"font-family:Arial;font-size:22px\"><strong><strong><strong>Eggert Kleffmann &amp; Partner GmbH<\/strong><\/strong><\/strong><\/p>\n\n\n\n<p class=\"has-open-sans-font-family has-custom-font has-custom-weight has-text-color has-link-color has-arial-font-family wp-elements-9a194429e222db98c7ddcc6131d2f79a\" style=\"color:#1a2a2e;font-family:Arial;font-size:18px\">Heckener Strasse 2A<br>53578 Windhagen<\/p>\n\n\n\n<p class=\"has-open-sans-font-family has-custom-font has-custom-weight has-text-color has-link-color has-arial-font-family wp-elements-0a8790be393f960e3c29f5778ab0af5a\" style=\"color:#1a2a2e;font-family:Arial;font-size:18px\">Gesch\u00e4ftsf\u00fchrer: Frank Eggert, Birgit Alexandra Kleffmann<br><a href=\"mailto:info\"><\/a>frank.eggert@ekpartner.de<br>Telefon: +491701207755<br><br>Handelsregister:<br>HRB 25846, Montabaur<\/p>\n\n\n\n<p class=\"has-open-sans-font-family has-custom-font has-custom-weight has-text-color has-link-color has-arial-font-family wp-elements-dac83202619997b59cceaa1aab072670\" style=\"color:#1a2a2e;font-family:Arial;font-size:18px\">USt-IdNr: DE315938338<\/p>\n\n\n\n<p class=\"has-open-sans-font-family has-custom-font has-custom-weight has-text-color has-link-color has-arial-font-family wp-elements-265736bfd712447b53124d2f3da8430c\" style=\"color:#1a2a2e;font-family:Arial;font-size:18px\">Rechtliche Vertretung:<\/p>\n\n\n\n<p class=\"has-open-sans-font-family has-custom-font has-custom-weight has-arial-font-family has-custom-font\" style=\"font-family:Arial;font-size:22px\"><strong><strong>AHW Steuerberater Wirtschaftspr\u00fcfer Rechtsanw\u00e4lte<\/strong><\/strong><\/p>\n\n\n\n<p class=\"has-open-sans-font-family has-custom-font has-custom-weight has-text-color has-link-color has-arial-font-family wp-elements-02d313af1c656c5450204e5ed9afce9f\" style=\"color:#1a2a2e;font-family:Arial;font-size:18px\">Wankelstra\u00dfe 9<br>50996 K\u00f6ln<br><br>Telephone <a href=\"tel:490223639820\">+49 (0) 2236 3982-0<\/a><br>Telefax <a href=\"tel:4902236398282\">+49 (0) 22 36 39 82-82<\/a><br><br><a href=\"mailto:info@ahw-steuerberater.de\">info@ahw-steuerberater.de<\/a><br><a href=\"http:\/\/www.ahw-steuerberater.de\/\">www.ahw-steuerberater.de<\/a><\/p>\n\n\n\n<p class=\"has-open-sans-font-family has-custom-font has-custom-weight has-text-color has-link-color has-arial-font-family wp-elements-0a666007a34d890032607a42b6f52780\" style=\"color:#1a2a2e;font-family:Arial;font-size:18px\">Allgemeines Gleichbehandlungsgesetz (AGG)<\/p>\n\n\n\n<p class=\"has-open-sans-font-family has-custom-font has-custom-weight has-text-color has-link-color has-arial-font-family wp-elements-8eeddd7ae7cc5fb8f44b77e86ea2553b\" style=\"color:#1a2a2e;font-family:Arial;font-size:18px\">Aus Gr\u00fcnden der besseren Lesbarkeit haben wir auf die konsequente Nennung der m\u00e4nnlichen und weiblichen Form verzichtet. Es sind selbstverst\u00e4ndlich beide Geschlechter gemeint.<\/p>\n\n\n\n<p class=\"has-open-sans-font-family has-custom-font has-custom-weight has-arial-font-family has-custom-font\" style=\"font-family:Arial;font-size:22px\"><strong>Gestaltung &amp; Umsetzung<\/strong><\/p>\n\n\n\n<p class=\"has-open-sans-font-family has-custom-font has-custom-weight has-text-color has-link-color has-arial-font-family wp-elements-d5bf9d136c4e8fe7f04e867c45990983\" style=\"color:#1a2a2e;font-family:Arial;font-size:18px\">Erstellt von&nbsp;<a href=\"https:\/\/www.websitebutler.de\/de\" target=\"_blank\" rel=\"noreferrer noopener\">Websitebutler<\/a>&nbsp;mit&nbsp;<a href=\"https:\/\/www.sitejet.io\/?utm_source=wsb\" target=\"_blank\" rel=\"noreferrer noopener\">Sitejet<\/a><\/p>\n\n\n\n<p class=\"has-open-sans-font-family has-custom-font has-custom-weight has-arial-font-family has-custom-font\" style=\"font-family:Arial;font-size:22px\"><strong>Urheberrecht<\/strong><\/p>\n\n\n\n<p class=\"has-open-sans-font-family has-custom-font has-custom-weight has-text-color has-link-color has-arial-font-family wp-elements-4d6c8aec5ae9b8df55e814a3a6337e04\" style=\"color:#1a2a2e;font-family:Arial;font-size:18px\">Falls nicht anders angegeben, unterliegen alle Seiten dieses Webangebotes dem Urheberrecht (Copyright). Dies gilt insbesondere f\u00fcr Texte, Bilder, Grafiken und Style-Dateien, einschlie\u00dflich deren Anordnung auf den Websites.<\/p>\n\n\n\n<p class=\"has-open-sans-font-family has-custom-font has-custom-weight has-text-color has-link-color has-arial-font-family wp-elements-ca31a7820fa7dbeed17c4378622c76db\" style=\"color:#1a2a2e;font-family:Arial;font-size:18px\">Eine Vervielf\u00e4ltigung oder Verwendung von Websites (oder von Teilen daraus) in anderen elektronischen oder gedruckten Publikationen und deren Ver\u00f6ffentlichung (auch im Internet) ist nur nach vorheriger Genehmigung gestattet.<\/p>\n\n\n\n<p class=\"has-open-sans-font-family has-custom-font has-custom-weight has-text-color has-link-color has-arial-font-family wp-elements-99658db97814922bc15a6f225b767188\" style=\"color:#1a2a2e;font-family:Arial;font-size:18px\">Weiterhin k\u00f6nnen Bilder, Grafiken, Text- oder sonstige Dateien ganz oder teilweise dem Urheberrecht Dritter unterliegen.<\/p>\n\n\n\n<p class=\"has-open-sans-font-family has-custom-font has-custom-weight has-text-color has-link-color has-arial-font-family wp-elements-a31c550f58b35b4a29dde6aab36f3d00\" style=\"color:#1a2a2e;font-family:Arial;font-size:18px\">Alle innerhalb des Internetangebotes genannten und ggf. durch Dritte gesch\u00fctzten Marken- und Warenzeichen unterliegen uneingeschr\u00e4nkt den Bestimmungen des jeweils g\u00fcltigen Kennzeichenrechts und den Besitzrechten der jeweiligen eingetragenen Eigent\u00fcmer. Allein aufgrund der blo\u00dfen Nennung in unserem Internetangebot ist nicht der Schluss zu ziehen, dass Markenzeichen nicht durch Rechte Dritter gesch\u00fctzt sind.<\/p>\n\n\n\n<p class=\"has-open-sans-font-family has-custom-font has-custom-weight has-arial-font-family has-custom-font\" style=\"font-family:Arial;font-size:22px\"><strong>Haftungsausschluss<\/strong><\/p>\n\n\n\n<p class=\"has-open-sans-font-family has-custom-font has-custom-weight has-text-color has-link-color has-arial-font-family wp-elements-98b285150a9daf5bccb7459711196d5f\" style=\"color:#1a2a2e;font-family:Arial;font-size:18px\">Der Autor hat alle in seinem Bereich bereitgestellten Informationen nach bestem Wissen und Gewissen erarbeitet und gepr\u00fcft. Jedoch \u00fcbernimmt der Autor keinerlei Gew\u00e4hr f\u00fcr die Aktualit\u00e4t, Korrektheit, Vollst\u00e4ndigkeit oder Qualit\u00e4t der bereitgestellten Informationen. Haftungsanspr\u00fcche gegen den Autor, welche sich auf Sch\u00e4den materieller oder ideeller Art beziehen, die durch die Nutzung oder Nichtnutzung der dargebotenen Informationen bzw. durch die Nutzung fehlerhafter und unvollst\u00e4ndiger Informationen verursacht wurden, sind grunds\u00e4tzlich ausgeschlossen, sofern seitens des Autors kein nachweislich vors\u00e4tzliches oder grob fahrl\u00e4ssiges Verschulden vorliegt.<\/p>\n\n\n\n<p class=\"has-open-sans-font-family has-custom-font has-custom-weight has-text-color has-link-color has-arial-font-family wp-elements-070f683643178bababca34fc317dad51\" style=\"color:#1a2a2e;font-family:Arial;font-size:18px\">Alle Angebote sind freibleibend und unverbindlich. Der Autor beh\u00e4lt es sich ausdr\u00fccklich vor, Teile der Seiten oder das gesamte Angebot ohne gesonderte Ank\u00fcndigung zu ver\u00e4ndern, zu erg\u00e4nzen, zu l\u00f6schen oder die Ver\u00f6ffentlichung zeitweise oder endg\u00fcltig einzustellen.<\/p>\n\n\n\n<p class=\"has-open-sans-font-family has-custom-font has-custom-weight has-arial-font-family has-custom-font\" style=\"font-family:Arial;font-size:22px\"><strong>Verweise und Links<\/strong>&nbsp;<strong>(Disclaimer)<\/strong><\/p>\n\n\n\n<p class=\"has-open-sans-font-family has-custom-font has-custom-weight has-text-color has-link-color has-arial-font-family wp-elements-ee779cfab0f7a7c55ff01dbf56f62aab\" style=\"color:#1a2a2e;font-family:Arial;font-size:18px\">Bei direkten oder indirekten Verweisen auf fremde Websites (\u201eHyperlinks\u201c), die au\u00dferhalb des Verantwortungsbereiches des Autors liegen, w\u00fcrde eine Haftungsverpflichtung ausschlie\u00dflich in dem Fall in Kraft treten, in dem der Autor von den Inhalten Kenntnis hat und es ihm technisch m\u00f6glich und zumutbar w\u00e4re, die Nutzung im Falle rechtswidriger Inhalte zu verhindern.<\/p>\n\n\n\n<p class=\"has-open-sans-font-family has-custom-font has-custom-weight has-text-color has-link-color has-arial-font-family wp-elements-6afc2b2d4fe75d4377357f781534efed\" style=\"color:#1a2a2e;font-family:Arial;font-size:18px\">Der Autor erkl\u00e4rt hiermit ausdr\u00fccklich, dass zum Zeitpunkt der Linksetzung keine illegalen Inhalte auf den zu verlinkenden Seiten erkennbar waren. Auf die aktuelle und zuk\u00fcnftige Gestaltung, die Inhalte oder die Urheberschaft der gelinkten\/verkn\u00fcpften Seiten hat der Autor keinerlei Einfluss. Deshalb distanziert er sich hiermit ausdr\u00fccklich von allen Inhalten aller gelinkten\/verkn\u00fcpften Seiten, die nach der Linksetzung ver\u00e4ndert wurden. Diese Feststellung gilt f\u00fcr alle innerhalb des eigenen Internetangebotes gesetzten Links und Verweise sowie f\u00fcr Fremdeintr\u00e4ge in vom Autor eingerichteten G\u00e4steb\u00fcchern, Diskussionsforen und Mailinglisten. F\u00fcr illegale, fehlerhafte oder unvollst\u00e4ndige Inhalte und insbesondere f\u00fcr Sch\u00e4den, die aus der Nutzung oder Nichtnutzung solcherart dargebotener Informationen entstehen, haftet allein der Anbieter der Seite, auf welche verwiesen wurde, nicht derjenige, der \u00fcber Links auf die jeweilige Ver\u00f6ffentlichung lediglich verweist.<\/p>\n<\/div><\/div>\n <\/div><\/div>\n \n    <div class=\"xs_social_share_widget xs_share_url after_content \t\tmain_content  wslu-style-1 wslu-share-box-shaped wslu-fill-colored wslu-none wslu-share-horizontal wslu-theme-font-no wslu-main_content\">\n\n\t\t\n        <ul>\n\t\t\t        <\/ul>\n    <\/div> \n<div class=\"social-share-buttons\"><a class=\"wirawp-stack-small\" href=\"https:\/\/www.facebook.com\/sharer\/sharer.php?u=https:\/\/hello-nurse.de\/en\/impressum\/\" target=\"_blank\" rel=\"noopener\">\uf39e<\/a><a class=\"wirawp-stack-small\" href=\"https:\/\/twitter.com\/intent\/tweet?url=https:\/\/hello-nurse.de\/en\/impressum\/&text=Impressum\" target=\"_blank\" rel=\"noopener\">\uf099<\/a><a class=\"wirawp-stack-small\" href=\"https:\/\/www.linkedin.com\/shareArticle?url=https:\/\/hello-nurse.de\/en\/impressum\/&title=Impressum\" target=\"_blank\" rel=\"noopener\">\uf0e1<\/a><a class=\"wirawp-stack-small\" href=\"https:\/\/pinterest.com\/pin\/create\/button\/?url=https:\/\/hello-nurse.de\/en\/impressum\/&description=Impressum\" target=\"_blank\" rel=\"noopener\">\uf231<\/a><\/div>","protected":false},"excerpt":{"rendered":"<p>\uf39e\uf099\uf0e1\uf231<\/p>","protected":false},"author":1,"featured_media":0,"parent":0,"menu_order":0,"comment_status":"closed","ping_status":"closed","template":"page-full-width-no-title","meta":{"_coblocks_attr":"Arial,Arial","_coblocks_dimensions":"","_coblocks_responsive_height":"","_coblocks_accordion_ie_support":"","_eb_attr":"","_uag_custom_page_level_css":"","postBodyCss":"","postBodyMargin":[],"postBodyPadding":[],"postBodyBackground":{"backgroundType":"classic","gradient":""},"enableOnePageScrollInPage":false,"onePageScrollCss":"","onePageScrollSpeed":1000,"onePageScrollAnimation":"easeInOutQuad","onePageScrollShowDotNavigation":true,"onePageScrollNavigation":"scaleUp","onePageScrollNavigationPosition":"right","onePageScrollNavigationHorizontal":[],"onePageScrollNavigationVertical":[],"onePageScrollNavigationSpacing":[],"onePageScrollNavigationColor":"#00ff0d","onePageScrollNavigationColorHover":"#00ff0d","onePageScrollNavigationColorActive":"#00ff0d","onePageScrollNavigationIcon":[],"onePageScrollNavigationWidth":[],"onePageScrollNavigationWidthHover":[],"onePageScrollNavigationWidthActive":[],"onePageScrollNavigationHeight":[],"onePageScrollNavigationHeightHover":[],"onePageScrollNavigationHeightActive":[],"onePageScrollNavigationBorder":[],"onePageScrollNavigationBorderHover":[],"onePageScrollNavigationBorderActive":[],"onePageScrollNavigationBorderRadius":[],"onePageScrollNavigationBorderRadiusHover":[],"onePageScrollNavigationBorderRadiusActive":[],"onePageScrollNavigationTooltipTypography":[],"onePageScrollNavigationTooltipColor":"#ffffff","onePageScrollNavigationTooltipColorHover":"","onePageScrollNavigationTooltipBgColor":"#00ff0d","onePageScrollNavigationTooltipBgColorHover":"","onePageScrollNavigationTooltipPadding":[],"onePageScrollNavigationTooltipPaddingHover":[],"onePageScrollNavigationTooltipBorderRadius":[],"onePageScrollNavigationTooltipBorderRadiusHover":[],"pageSettingsCustomCss":"","_themeisle_gutenberg_block_has_review":false,"footnotes":""},"class_list":["post-3402","page","type-page","status-publish","hentry"],"uagb_featured_image_src":{"full":false,"thumbnail":false,"medium":false,"medium_large":false,"large":false,"1536x1536":false,"2048x2048":false,"trp-custom-language-flag":false,"sow-carousel-default":false},"uagb_author_info":{"display_name":"admin","author_link":"https:\/\/hello-nurse.de\/en\/author\/admin\/"},"uagb_comment_info":0,"uagb_excerpt":"\uf39e\uf099\uf0e1\uf231","_links":{"self":[{"href":"https:\/\/hello-nurse.de\/en\/wp-json\/wp\/v2\/pages\/3402","targetHints":{"allow":["GET"]}}],"collection":[{"href":"https:\/\/hello-nurse.de\/en\/wp-json\/wp\/v2\/pages"}],"about":[{"href":"https:\/\/hello-nurse.de\/en\/wp-json\/wp\/v2\/types\/page"}],"author":[{"embeddable":true,"href":"https:\/\/hello-nurse.de\/en\/wp-json\/wp\/v2\/users\/1"}],"replies":[{"embeddable":true,"href":"https:\/\/hello-nurse.de\/en\/wp-json\/wp\/v2\/comments?post=3402"}],"version-history":[{"count":15,"href":"https:\/\/hello-nurse.de\/en\/wp-json\/wp\/v2\/pages\/3402\/revisions"}],"predecessor-version":[{"id":3747,"href":"https:\/\/hello-nurse.de\/en\/wp-json\/wp\/v2\/pages\/3402\/revisions\/3747"}],"wp:attachment":[{"href":"https:\/\/hello-nurse.de\/en\/wp-json\/wp\/v2\/media?parent=3402"}],"curies":[{"name":"wp","href":"https:\/\/api.w.org\/{rel}","templated":true}]}}