{"id":3307,"date":"2025-10-13T11:08:18","date_gmt":"2025-10-13T11:08:18","guid":{"rendered":"https:\/\/hello-nurse.de\/?page_id=3307"},"modified":"2025-12-18T10:50:43","modified_gmt":"2025-12-18T10:50:43","slug":"agb","status":"publish","type":"page","link":"https:\/\/hello-nurse.de\/en\/agb\/","title":{"rendered":"Terms and Conditions"},"content":{"rendered":"<section data-block=\"gutenkit\/container\" data-image-scroll=\"{&quot;isImageScrollingEffect&quot;:true,&quot;verticalImageScroll&quot;:{&quot;direction&quot;:&quot;down&quot;,&quot;hasValue&quot;:true,&quot;speed&quot;:{&quot;size&quot;:1}},&quot;horizontalImageScroll&quot;:[],&quot;transperencyImageScroll&quot;:[],&quot;blurImageScroll&quot;:[],&quot;scaleImageScroll&quot;:[],&quot;imageScrollDesktopDisable&quot;:false,&quot;imageScrollTabletDisable&quot;:false,&quot;imageScrollMobileDisable&quot;:false,&quot;imageScrollTabletLandscapeDisable&quot;:false,&quot;imageScrollMobileLandscapeDisable&quot;:false,&quot;imageScrollLaptopDisable&quot;:false,&quot;imageScrollWideScreenDisable&quot;:false}\" data-post-id=\"3307\" id=\"block-e6d55341-c633-4f36-9fb8-d5010abd5b59\" class=\"wp-block-gutenkit-container alignfull gkitbd5b59 gutenkit-block\"><div class=\"gkit-container-overlay\"><\/div><div class=\"gkit-image-scroll-container\"><div class=\"gkit-image-scroll-layer\"><\/div><\/div><div class=\"gkit-block__inner\"> \n<div data-block=\"gutenkit\/heading\" data-post-id=\"3307\" class=\"wp-block-gutenkit-heading gkit-heading-border-position-start gkit69ac7e gutenkit-block\" id=\"block-241cfa17-6360-449a-9e79-410d7e05a30f\"><h1 class=\"gkit-heading-title\">Terms and Conditions<\/h1><\/div>\n \n\n <div data-post-id=\"3307\" id=\"block-f6f62ff7-c74f-48bc-a71d-5495b3ab132d\" role=\"document\" aria-label=\"Block: Breadcrumb\" data-block=\"f6f62ff7-c74f-48bc-a71d-5495b3ab132d\" data-type=\"gutenkit-pro\/breadcrumb\" data-title=\"Breadcrumb\" class=\"wp-block-gutenkit-pro-breadcrumb gkitab132d gutenkit-block\">\n    <ul class=\"gutenkit-breadcrumb\">\n        <li class=\"gutenkit-breadcrumb-item is-home\">\n            <a href=\"https:\/\/hello-nurse.de\/en\/\">\n                                <span class=\"gutenkit-breadcrumb-label\">Hallo<\/span>\n            <\/a>\n        <\/li>\n            <\/ul>\n<\/div>\n <\/div><\/section>\n \n\n \n<section data-block=\"gutenkit\/container\" data-post-id=\"3307\" id=\"block-55714452-6e83-4058-a31e-32232d419708\" class=\"wp-block-gutenkit-container alignfull gkit419708 gutenkit-block\"><div class=\"gkit-block__inner\"> \n<div data-block=\"gutenkit\/container\" data-post-id=\"3307\" id=\"block-782dd8cb-6270-4f76-8fe7-1990958f1c73\" class=\"wp-block-gutenkit-container alignfull gkit8f1c73 gutenkit-block\"><div class=\"gkit-block__inner\">\n<p class=\"has-open-sans-font-family has-custom-font has-custom-weight has-arial-font-family has-custom-font\" style=\"font-family:Arial;font-size:22px\"><strong>Allgemeine Gesch\u00e4ftsbedingungen (AGBs) f\u00fcr Personalvermittlung durch die Eggert Kleffmann &amp; Partner GmbH<\/strong><\/p>\n\n\n\n<ul style=\"color:#1a2a2e;font-size:16px;line-height:1.3;font-family:Arial\" class=\"wp-block-list is-style-icon-right-dark has-text-color has-link-color has-arial-font-family has-custom-font wp-elements-275cb939fce1a82ab8715f261caf6897\">\n<li class=\"has-heading-xl-font-size\" style=\"line-height:1.5\">1. Soweit nicht im Einzelfall eine andere schriftliche Vereinbarung getroffen wurde, gelten ausschlie\u00dflich die nachstehenden Allgemeinen Gesch\u00e4ftsbedingungen (nachfolgend \u201eEK-Partner\u201cgenannt). Sie gelten f\u00fcr alle Vertr\u00e4ge zur Personalvermittlung und zu allen \u00fcbrigen Personaldienstleistungen. Hiervon abweichende Bedingungen des Auftraggebers gelten als widersprochen und sind ausgeschlossen.<\/li>\n\n\n\n<li class=\"has-heading-xl-font-size\" style=\"line-height:1.5\">2. Daten \u00fcber zu besetzende Positionen und \u00fcber Bewerber werden nur erhoben, verarbeitet und genutzt, soweit dies zur Projektentwicklung erforderlich ist. Der Auftraggeber verpflichtet sich, die ihm erteilten Daten und Ausk\u00fcnfte nicht zweckentfremdet zu verwenden oder an Dritte weiterzuleiten.<\/li>\n\n\n\n<li class=\"has-heading-xl-font-size\" style=\"line-height:1.5\">3. Die von EK-Partner gemachten Angaben zu einem Bewerber beruhen auf den ihr durch den Bewerber selbst erteilten Informationen bzw. auf Informationen durch Dritte. EK-Partner garantiert diese nach bestem Wissen zu pr\u00fcfen. Eine Haftung f\u00fcr die Richtigkeit und Vollst\u00e4ndigkeit der Angaben kann EK-Partner daher nicht \u00fcbernehmen.<\/li>\n\n\n\n<li class=\"has-heading-xl-font-size\" style=\"line-height:1.5\">4. Im \u00dcbrigen richtet sich die Haftung der EK-Partner nach den gesetzlichen Vorschriften. Bei fahrl\u00e4ssig verursachten Sch\u00e4den haftet EK-Partner nur bei Verletzung einer wesentlichen Vertragspflicht, jedoch der H\u00f6he nach beschr\u00e4nkt auf die bei Vertragsschluss vorhersehbaren und vertragstypischen Sch\u00e4den. Dies gilt nicht f\u00fcr K\u00f6rpersch\u00e4den\/Todesf\u00e4lle. Eine Haftung von EK-Partner f\u00fcr mittelbare Sch\u00e4den und Folgesch\u00e4den ist \u2013 soweit gesetzlich zul\u00e4ssig \u2013 ausgeschlossen.<\/li>\n\n\n\n<li class=\"has-heading-xl-font-size\" style=\"line-height:1.5\">5. Ein Vertrag zur Personalvermittlung kann \u2013 sofern nicht anderweitig vertraglich geregelt \u2013 jederzeit ohne Einhaltung einer Frist von beiden Vertragsparteien gek\u00fcndigt werden. Als Zeitpunkt der K\u00fcndigung gilt der Posteingang bei EK-Partner bzw. beim Auftraggeber (Eingangsstempel). Kommt ein Arbeitsverh\u00e4ltnis zwischen dem Auftraggeber und einem von EK-Partner vorgeschlagenen Bewerber nach K\u00fcndigung des Vertrages zur Personalvermittlung zustande, so wird das Honorar dennoch f\u00e4llig.<\/li>\n\n\n\n<li class=\"has-heading-xl-font-size\" style=\"line-height:1.5\">6. Der Anspruch von EK-Partner auf ein Grundhonorar in H\u00f6he von 3 Bruttomonatsgeh\u00e4ltern zuz\u00fcglich der etwaigen belegte Kosten der Anwerbung gem. dem Employer-Pays-Prinzip bei Gesundheitsfachkr\u00e4ften (z.B. Spracherwerb, Geb\u00fchren des Anerkennungsverfahrens, Flugkosten) wird, sofern nichts anderes vereinbart wurde, durch Abschluss eines g\u00fcltigen Arbeitsvertrages zwischen Arbeitgeber und Bewerber begr\u00fcndet. K\u00fcndigt eine der beiden Parteien den Arbeitsvertrag vor Arbeitsantritt oder tritt der Bewerber nicht an, so muss EK-Partner kein Honorar bezahlt werden.<\/li>\n\n\n\n<li class=\"has-heading-xl-font-size\" style=\"line-height:1.5\">7. Wird der Arbeitsvertrag zu anderen als den angebotenen Bedingungen abgeschlossen oder kommt er mit einem anderen durch EK-Partner vorgeschlagenen und\/oder beurteilten Bewerber zustande oder wird ein Bewerber f\u00fcr einen von der Stellenbeschreibung abweichenden Arbeitsplatz vorgesehen, so ber\u00fchrt dies den Honoraranspruch von EK-Partner nicht.<\/li>\n\n\n\n<li class=\"has-heading-xl-font-size\" style=\"line-height:1.5\">8. Kosten, die den Bewerbern im Zusammenhang mit Vorstellungsgespr\u00e4chen bei EK-Partner oder beim Auftraggeber entstehen, werden dem Bewerber durch den Auftraggeber erstattet und nicht von EK-Partner sofern nichts anderes vereinbart wurde.<\/li>\n\n\n\n<li class=\"has-heading-xl-font-size\" style=\"line-height:1.5\">9. M\u00fcndliche Nebenabreden bestehen zum Zeitpunkt des Vertragsabschlusses nicht. Alle \u00c4nderungen und Nachtr\u00e4ge zum Vertrag bed\u00fcrfen der Schriftform; auch m\u00fcndliche oder telefonische Zusagen m\u00fcssen zu ihrer Wirksamkeit schriftlich best\u00e4tigt werden.<\/li>\n\n\n\n<li class=\"has-heading-xl-font-size\" style=\"line-height:1.5\">10. Gerichtsstand f\u00fcr Streitigkeiten aus dem Zusammenhang mit dem Vertrag ist K\u00f6ln. Dies gilt ausdr\u00fccklich auch f\u00fcr Streitigkeiten in Urkunden-, Wechsel- und Scheckverfahren.<\/li>\n\n\n\n<li class=\"has-heading-xl-font-size\" style=\"line-height:1.5\">11.Sollte eine Bestimmung des Vertrages oder der Allgemeinen Gesch\u00e4ftsbedingungen l\u00fcckenhaft oder unwirksam sein oder werden, so wird die Wirksamkeit des Vertrages und der \u00fcbrigen Bestimmungen dadurch nicht ber\u00fchrt. Es gilt dann eine solche Regelung als vereinbart, die zul\u00e4ssiger Weise dem zum Ausdruck gebrachten Vertragswillen am n\u00e4chsten kommt.<\/li>\n<\/ul>\n\n\n\n<p class=\"has-open-sans-font-family has-custom-font has-custom-weight has-custom-secondary-color has-text-color has-link-color has-arial-font-family wp-elements-7c3611e30b29aafc3d9942aeb20c3bfe\" style=\"font-family:Arial;font-size:18px\"><strong>Windhagen, der 10. September 2018<\/strong><\/p>\n<\/div><\/div>\n <\/div><\/section>\n \n    <div class=\"xs_social_share_widget xs_share_url after_content \t\tmain_content  wslu-style-1 wslu-share-box-shaped wslu-fill-colored wslu-none wslu-share-horizontal wslu-theme-font-no wslu-main_content\">\n\n\t\t\n        <ul>\n\t\t\t        <\/ul>\n    <\/div> \n<div class=\"social-share-buttons\"><a class=\"wirawp-stack-small\" href=\"https:\/\/www.facebook.com\/sharer\/sharer.php?u=https:\/\/hello-nurse.de\/en\/agb\/\" target=\"_blank\" rel=\"noopener\">\uf39e<\/a><a class=\"wirawp-stack-small\" href=\"https:\/\/twitter.com\/intent\/tweet?url=https:\/\/hello-nurse.de\/en\/agb\/&text=AGB\" target=\"_blank\" rel=\"noopener\">\uf099<\/a><a class=\"wirawp-stack-small\" href=\"https:\/\/www.linkedin.com\/shareArticle?url=https:\/\/hello-nurse.de\/en\/agb\/&title=AGB\" target=\"_blank\" rel=\"noopener\">\uf0e1<\/a><a class=\"wirawp-stack-small\" href=\"https:\/\/pinterest.com\/pin\/create\/button\/?url=https:\/\/hello-nurse.de\/en\/agb\/&description=AGB\" target=\"_blank\" rel=\"noopener\">\uf231<\/a><\/div>","protected":false},"excerpt":{"rendered":"<p>\uf39e\uf099\uf0e1\uf231<\/p>","protected":false},"author":1,"featured_media":0,"parent":0,"menu_order":0,"comment_status":"closed","ping_status":"closed","template":"page-full-width-no-title","meta":{"_coblocks_attr":"Arial,Arial","_coblocks_dimensions":"","_coblocks_responsive_height":"","_coblocks_accordion_ie_support":"","_eb_attr":"","_uag_custom_page_level_css":"","postBodyCss":"","postBodyMargin":[],"postBodyPadding":[],"postBodyBackground":{"backgroundType":"classic","gradient":""},"enableOnePageScrollInPage":false,"onePageScrollCss":"","onePageScrollSpeed":1000,"onePageScrollAnimation":"easeInOutQuad","onePageScrollShowDotNavigation":true,"onePageScrollNavigation":"scaleUp","onePageScrollNavigationPosition":"right","onePageScrollNavigationHorizontal":[],"onePageScrollNavigationVertical":[],"onePageScrollNavigationSpacing":[],"onePageScrollNavigationColor":"#00ff0d","onePageScrollNavigationColorHover":"#00ff0d","onePageScrollNavigationColorActive":"#00ff0d","onePageScrollNavigationIcon":[],"onePageScrollNavigationWidth":[],"onePageScrollNavigationWidthHover":[],"onePageScrollNavigationWidthActive":[],"onePageScrollNavigationHeight":[],"onePageScrollNavigationHeightHover":[],"onePageScrollNavigationHeightActive":[],"onePageScrollNavigationBorder":[],"onePageScrollNavigationBorderHover":[],"onePageScrollNavigationBorderActive":[],"onePageScrollNavigationBorderRadius":[],"onePageScrollNavigationBorderRadiusHover":[],"onePageScrollNavigationBorderRadiusActive":[],"onePageScrollNavigationTooltipTypography":[],"onePageScrollNavigationTooltipColor":"#ffffff","onePageScrollNavigationTooltipColorHover":"","onePageScrollNavigationTooltipBgColor":"#00ff0d","onePageScrollNavigationTooltipBgColorHover":"","onePageScrollNavigationTooltipPadding":[],"onePageScrollNavigationTooltipPaddingHover":[],"onePageScrollNavigationTooltipBorderRadius":[],"onePageScrollNavigationTooltipBorderRadiusHover":[],"pageSettingsCustomCss":"","_themeisle_gutenberg_block_has_review":false,"footnotes":""},"class_list":["post-3307","page","type-page","status-publish","hentry"],"uagb_featured_image_src":{"full":false,"thumbnail":false,"medium":false,"medium_large":false,"large":false,"1536x1536":false,"2048x2048":false,"trp-custom-language-flag":false,"sow-carousel-default":false},"uagb_author_info":{"display_name":"admin","author_link":"https:\/\/hello-nurse.de\/en\/author\/admin\/"},"uagb_comment_info":0,"uagb_excerpt":"\uf39e\uf099\uf0e1\uf231","_links":{"self":[{"href":"https:\/\/hello-nurse.de\/en\/wp-json\/wp\/v2\/pages\/3307","targetHints":{"allow":["GET"]}}],"collection":[{"href":"https:\/\/hello-nurse.de\/en\/wp-json\/wp\/v2\/pages"}],"about":[{"href":"https:\/\/hello-nurse.de\/en\/wp-json\/wp\/v2\/types\/page"}],"author":[{"embeddable":true,"href":"https:\/\/hello-nurse.de\/en\/wp-json\/wp\/v2\/users\/1"}],"replies":[{"embeddable":true,"href":"https:\/\/hello-nurse.de\/en\/wp-json\/wp\/v2\/comments?post=3307"}],"version-history":[{"count":13,"href":"https:\/\/hello-nurse.de\/en\/wp-json\/wp\/v2\/pages\/3307\/revisions"}],"predecessor-version":[{"id":3757,"href":"https:\/\/hello-nurse.de\/en\/wp-json\/wp\/v2\/pages\/3307\/revisions\/3757"}],"wp:attachment":[{"href":"https:\/\/hello-nurse.de\/en\/wp-json\/wp\/v2\/media?parent=3307"}],"curies":[{"name":"wp","href":"https:\/\/api.w.org\/{rel}","templated":true}]}}